{"id":3825,"date":"2024-09-03T12:08:19","date_gmt":"2024-09-03T10:08:19","guid":{"rendered":"https:\/\/egrkids.be\/prisonnier-copy\/"},"modified":"2025-03-16T22:06:07","modified_gmt":"2025-03-16T21:06:07","slug":"super-heros","status":"publish","type":"page","link":"https:\/\/egrkids.be\/nl\/super-heros\/","title":{"rendered":"Super Helden"},"content":{"rendered":"<div data-elementor-type=\"wp-page\" data-elementor-id=\"3825\" class=\"elementor elementor-3825\" data-elementor-post-type=\"page\">\n\t\t\t\t<div class=\"elementor-element elementor-element-565b905d e-flex e-con-boxed e-con e-parent\" data-id=\"565b905d\" data-element_type=\"container\">\n\t\t\t\t\t<div class=\"e-con-inner\">\n\t\t<div class=\"elementor-element elementor-element-3be0ef6 e-con-full e-flex e-con e-child\" data-id=\"3be0ef6\" data-element_type=\"container\">\n\t\t\t\t<\/div>\n\t\t<div class=\"elementor-element elementor-element-640aee4b e-con-full e-flex e-con e-child\" data-id=\"640aee4b\" data-element_type=\"container\">\n\t\t\t\t<div class=\"elementor-element elementor-element-72f79f3d elementor-widget elementor-widget-image\" data-id=\"72f79f3d\" data-element_type=\"widget\" data-widget_type=\"image.default\">\n\t\t\t\t<div class=\"elementor-widget-container\">\n\t\t\t\t\t\t\t\t\t\t\t\t\t<img fetchpriority=\"high\" decoding=\"async\" width=\"744\" height=\"1024\" src=\"https:\/\/egrkids.be\/wp-content\/uploads\/2024\/01\/Superhero-action-icon-on-transparent-background-PNG-744x1024.png\" class=\"attachment-large size-large wp-image-3484\" alt=\"\" srcset=\"https:\/\/egrkids.be\/wp-content\/uploads\/2024\/01\/Superhero-action-icon-on-transparent-background-PNG-744x1024.png 744w, https:\/\/egrkids.be\/wp-content\/uploads\/2024\/01\/Superhero-action-icon-on-transparent-background-PNG-218x300.png 218w, https:\/\/egrkids.be\/wp-content\/uploads\/2024\/01\/Superhero-action-icon-on-transparent-background-PNG-768x1056.png 768w, https:\/\/egrkids.be\/wp-content\/uploads\/2024\/01\/Superhero-action-icon-on-transparent-background-PNG-1117x1536.png 1117w, https:\/\/egrkids.be\/wp-content\/uploads\/2024\/01\/Superhero-action-icon-on-transparent-background-PNG-1489x2048.png 1489w\" sizes=\"(max-width: 744px) 100vw, 744px\" \/>\t\t\t\t\t\t\t\t\t\t\t\t\t<\/div>\n\t\t\t\t<\/div>\n\t\t\t\t<\/div>\n\t\t<div class=\"elementor-element elementor-element-80e93fa e-con-full e-flex e-con e-child\" data-id=\"80e93fa\" data-element_type=\"container\">\n\t\t\t\t<\/div>\n\t\t\t\t\t<\/div>\n\t\t\t\t<\/div>\n\t\t<div class=\"elementor-element elementor-element-a3e6681 e-flex e-con-boxed e-con e-parent\" data-id=\"a3e6681\" data-element_type=\"container\">\n\t\t\t\t\t<div class=\"e-con-inner\">\n\t\t\t\t<div class=\"elementor-element elementor-element-5793075 elementor-widget elementor-widget-text-editor\" data-id=\"5793075\" data-element_type=\"widget\" data-widget_type=\"text-editor.default\">\n\t\t\t\t<div class=\"elementor-widget-container\">\n\t\t\t\t\t\t\t<p>Transformeer in een superheld en red de stad met je vrienden op je verjaardagsfeestje! Met EGR Kids, specialist in het organiseren van kinderverjaardagsfeestjes in Brussel en in heel Belgi\u00eb, maakt u van uw dag een onvergetelijke hero\u00efsche missie.<\/p>\t\t\t\t\t\t<\/div>\n\t\t\t\t<\/div>\n\t\t<div class=\"elementor-element elementor-element-2674f8d e-flex e-con-boxed e-con e-child\" data-id=\"2674f8d\" data-element_type=\"container\">\n\t\t\t\t\t<div class=\"e-con-inner\">\n\t\t<div class=\"elementor-element elementor-element-ead0a1a e-con-full e-flex e-con e-child\" data-id=\"ead0a1a\" data-element_type=\"container\">\n\t\t\t\t<div class=\"elementor-element elementor-element-1f6771a elementor-widget elementor-widget-text-editor\" data-id=\"1f6771a\" data-element_type=\"widget\" data-widget_type=\"text-editor.default\">\n\t\t\t\t<div class=\"elementor-widget-container\">\n\t\t\t\t\t\t\t<div class=\"flex-1 overflow-hidden masked-content\"><div class=\"h-full\"><div class=\"react-scroll-to-bottom--css-wefpk-79elbk h-full\"><div class=\"react-scroll-to-bottom--css-wefpk-1n7m0yu\"><div class=\"flex flex-col text-sm pb-[120px]\"><article class=\"w-full text-token-text-primary focus-visible:outline-2 focus-visible:outline-offset-[-4px]\" dir=\"auto\" data-testid=\"conversation-turn-41\" data-scroll-anchor=\"true\"><div class=\"text-base py-[18px] m-auto md:px-5 w-full px-3 lg:px-0\"><div class=\"mx-auto flex flex-1 gap-4 text-base md:gap-5 lg:gap-6 md:max-w-3xl lg:max-w-[40rem] xl:max-w-[48rem]\"><div class=\"group\/conversation-turn relative flex w-full min-w-0 flex-col agent-turn\"><div class=\"flex-col gap-1 md:gap-3\"><div class=\"flex max-w-full flex-col flex-grow\"><div class=\"min-h-[20px] text-message flex w-full flex-col items-end gap-2 break-words [.text-message+&amp;]:mt-5 overflow-x-auto whitespace-normal\" dir=\"auto\" data-message-author-role=\"assistant\" data-message-id=\"b7f8e36e-8495-43bb-a765-25b25032323d\"><div class=\"flex w-full flex-col gap-1 empty:hidden first:pt-[3px]\"><div class=\"markdown prose w-full break-words dark:prose-invert light\"><p>Klaar om je cape en masker op te zetten om de wereld te redden? Op je verjaardag worden jij en je vrienden de superhelden van de dag, klaar om de slechteriken te verslaan en de stad tegen chaos te beschermen. Bij aankomst ontvangt elk kind zijn superheldenkostuum en een speciale missie om te volbrengen.<\/p><p>De dag zal gevuld zijn met spannende uitdagingen waarbij samenwerking de sleutel tot triomf zal zijn. Kinderen zullen hun krachten moeten bundelen om sportieve uitdagingen te overwinnen en de slechteriken het hoofd te bieden in co\u00f6peratieve spellen. Of het nu gaat om het redden van een buurt die in gevaar verkeert, het dwarsbomen van een machiavellistisch plan of het redden van onschuldige mensen, elke beproeving zal een kans zijn om iemands moed en vindingrijkheid te tonen.<\/p><p>Maar wees voorzichtig, de slechteriken laten dit niet gebeuren! Om de overwinning te behalen, moet je snelheid, strategie en vooral een onberispelijke teamgeest tonen. De kinderen zullen elkaar moeten helpen, hun acties moeten plannen en hun superkrachten moeten gebruiken om alle uitdagingen aan te gaan die op hun pad komen.<\/p><p>Aan het einde van deze hero\u00efsche dag zal er een medailleceremonie plaatsvinden om de prestaties van elke superheld te vieren. Elke deelnemer vertrekt met een certificaat van moed en een hoofd vol herinneringen aan dit buitengewone avontuur.<\/p><p>Met EGR Kids, specialist in het organiseren van kinderverjaardagsfeestjes in Brussel en in heel Belgi\u00eb, wordt elke verjaardag een hero\u00efsch epos. Nodig al je vrienden uit en red samen de wereld... of in ieder geval je verjaardagsfeestje!<\/p><\/div><\/div><\/div><\/div><\/div><\/div><\/div><\/div><\/article><\/div><\/div><\/div><\/div><\/div><div class=\"md:pt-0 dark:border-white\/20 md:border-transparent md:dark:border-transparent w-full mask-scrollbars absolute bottom-0 z-20\"><div class=\"relative mx-auto flex max-w-3xl flex-1 flex-col\"><div class=\"text-base m-auto md:px-5 w-full px-3 lg:px-0\"><div class=\"mx-auto flex flex-1 gap-4 text-base md:gap-5 lg:gap-6 md:max-w-3xl lg:max-w-[40rem] xl:max-w-[48rem]\"><form class=\"w-full\" aria-haspopup=\"dialog\" aria-expanded=\"false\" aria-controls=\"radix-:r2:\" data-state=\"closed\" action=\"\"><div class=\"relative flex h-full max-w-full flex-1 flex-col\"><div class=\"group relative flex w-full items-center\"><div class=\"flex w-full flex-col gap-1.5 rounded-[26px] p-1.5 transition-colors backdrop-blur-2xl no-transparency:backdrop-blur-none bg-token-composer-surface\"><div class=\"flex items-end gap-1.5 md:gap-2\"><div class=\"flex min-w-0 flex-1 flex-col\">\u00a0<\/div><\/div><\/div><\/div><\/div><input type=\"hidden\" name=\"trp-form-language\" value=\"nl\"\/><\/form><\/div><\/div><\/div><\/div>\t\t\t\t\t\t<\/div>\n\t\t\t\t<\/div>\n\t\t\t\t<\/div>\n\t\t<div class=\"elementor-element elementor-element-4ceef57 e-con-full e-flex e-con e-child\" data-id=\"4ceef57\" data-element_type=\"container\">\n\t\t\t\t<\/div>\n\t\t\t\t\t<\/div>\n\t\t\t\t<\/div>\n\t\t\t\t\t<\/div>\n\t\t\t\t<\/div>\n\t\t\t\t<section class=\"elementor-section elementor-top-section elementor-element elementor-element-4860e9a elementor-section-boxed elementor-section-height-default elementor-section-height-default\" data-id=\"4860e9a\" data-element_type=\"section\">\n\t\t\t\t\t\t<div class=\"elementor-container elementor-column-gap-extended\">\n\t\t\t\t\t<div class=\"elementor-column elementor-col-33 elementor-top-column elementor-element elementor-element-ee2ba9d\" data-id=\"ee2ba9d\" data-element_type=\"column\">\n\t\t\t<div class=\"elementor-widget-wrap elementor-element-populated\">\n\t\t\t\t\t\t<div class=\"elementor-element elementor-element-66ec698 elementor-shape-rounded elementor-grid-0 e-grid-align-center elementor-widget elementor-widget-social-icons\" data-id=\"66ec698\" data-element_type=\"widget\" data-widget_type=\"social-icons.default\">\n\t\t\t\t<div class=\"elementor-widget-container\">\n\t\t\t\t\t<div class=\"elementor-social-icons-wrapper elementor-grid\">\n\t\t\t\t\t\t\t<span class=\"elementor-grid-item\">\n\t\t\t\t\t<a class=\"elementor-icon elementor-social-icon elementor-social-icon-facebook elementor-repeater-item-23c8609\" href=\"https:\/\/www.facebook.com\/egrevents.be\/\" target=\"_blank\">\n\t\t\t\t\t\t<span class=\"elementor-screen-only\">Facebook<\/span>\n\t\t\t\t\t\t<svg class=\"e-font-icon-svg e-fab-facebook\" viewbox=\"0 0 512 512\" xmlns=\"http:\/\/www.w3.org\/2000\/svg\"><path d=\"M504 256C504 119 393 8 256 8S8 119 8 256c0 123.78 90.69 226.38 209.25 245V327.69h-63V256h63v-54.64c0-62.15 37-96.48 93.67-96.48 27.14 0 55.52 4.84 55.52 4.84v61h-31.28c-30.8 0-40.41 19.12-40.41 38.73V256h68.78l-11 71.69h-57.78V501C413.31 482.38 504 379.78 504 256z\"><\/path><\/svg>\t\t\t\t\t<\/a>\n\t\t\t\t<\/span>\n\t\t\t\t\t\t\t<span class=\"elementor-grid-item\">\n\t\t\t\t\t<a class=\"elementor-icon elementor-social-icon elementor-social-icon-instagram elementor-repeater-item-a20e78c\" href=\"https:\/\/www.instagram.com\/egrevents.be\/?igsh=NmU1NHJ1bjlldHhw\" target=\"_blank\">\n\t\t\t\t\t\t<span class=\"elementor-screen-only\">Instagram<\/span>\n\t\t\t\t\t\t<svg class=\"e-font-icon-svg e-fab-instagram\" viewbox=\"0 0 448 512\" xmlns=\"http:\/\/www.w3.org\/2000\/svg\"><path d=\"M224.1 141c-63.6 0-114.9 51.3-114.9 114.9s51.3 114.9 114.9 114.9S339 319.5 339 255.9 287.7 141 224.1 141zm0 189.6c-41.1 0-74.7-33.5-74.7-74.7s33.5-74.7 74.7-74.7 74.7 33.5 74.7 74.7-33.6 74.7-74.7 74.7zm146.4-194.3c0 14.9-12 26.8-26.8 26.8-14.9 0-26.8-12-26.8-26.8s12-26.8 26.8-26.8 26.8 12 26.8 26.8zm76.1 27.2c-1.7-35.9-9.9-67.7-36.2-93.9-26.2-26.2-58-34.4-93.9-36.2-37-2.1-147.9-2.1-184.9 0-35.8 1.7-67.6 9.9-93.9 36.1s-34.4 58-36.2 93.9c-2.1 37-2.1 147.9 0 184.9 1.7 35.9 9.9 67.7 36.2 93.9s58 34.4 93.9 36.2c37 2.1 147.9 2.1 184.9 0 35.9-1.7 67.7-9.9 93.9-36.2 26.2-26.2 34.4-58 36.2-93.9 2.1-37 2.1-147.8 0-184.8zM398.8 388c-7.8 19.6-22.9 34.7-42.6 42.6-29.5 11.7-99.5 9-132.1 9s-102.7 2.6-132.1-9c-19.6-7.8-34.7-22.9-42.6-42.6-11.7-29.5-9-99.5-9-132.1s-2.6-102.7 9-132.1c7.8-19.6 22.9-34.7 42.6-42.6 29.5-11.7 99.5-9 132.1-9s102.7-2.6 132.1 9c19.6 7.8 34.7 22.9 42.6 42.6 11.7 29.5 9 99.5 9 132.1s2.7 102.7-9 132.1z\"><\/path><\/svg>\t\t\t\t\t<\/a>\n\t\t\t\t<\/span>\n\t\t\t\t\t<\/div>\n\t\t\t\t<\/div>\n\t\t\t\t<\/div>\n\t\t\t\t\t<\/div>\n\t\t<\/div>\n\t\t\t\t<div class=\"elementor-column elementor-col-33 elementor-top-column elementor-element elementor-element-0a3bb10\" data-id=\"0a3bb10\" data-element_type=\"column\">\n\t\t\t<div class=\"elementor-widget-wrap elementor-element-populated\">\n\t\t\t\t\t\t<div class=\"elementor-element elementor-element-51a5ac7 ib-align-center wgl-hover_shift-yes elementor-widget-image-box wgl-image-box elementor-position-top elementor-widget elementor-widget-wgl-info-box\" data-id=\"51a5ac7\" data-element_type=\"widget\" data-widget_type=\"wgl-info-box.default\">\n\t\t\t\t<div class=\"elementor-widget-container\">\n\t\t\t<div class=\"wgl-infobox\"><svg class=\"wgl-dashes inner-dashed-border animated-dashes\"><rect x=\"1px\" y=\"1px\" rx=\"30px\" ry=\"30px\" width=\"0\" height=\"0\"><\/rect><\/svg><div class=\"wgl-infobox_wrapper elementor-image-box-wrapper\"><div class=\"wgl-infobox-icon_wrapper elementor-image-box-img\"><div class=\"wgl-infobox-icon_container\"><div class=\"wgl-image-box_img\"><span ><img decoding=\"async\" width=\"59\" height=\"45\" src=\"https:\/\/egrkids.be\/wp-content\/uploads\/2019\/08\/contacts_icon_02.png\" class=\"attachment-full size-full wp-image-1187\" alt=\"\" \/><\/span><\/div><\/div><\/div><div class=\"wgl-infobox-content_wrapper\"><div class=\"wgl-infobox-title_wrapper\"><\/div><div class=\"wgl-infobox_content\"><p>+32 477 85 38 15<\/p><\/div><\/div><a class=\"wgl-infobox_item_link\" ><\/a><\/div><\/div>\t\t<\/div>\n\t\t\t\t<\/div>\n\t\t\t\t\t<\/div>\n\t\t<\/div>\n\t\t\t\t<div class=\"elementor-column elementor-col-33 elementor-top-column elementor-element elementor-element-9cfc1b8\" data-id=\"9cfc1b8\" data-element_type=\"column\">\n\t\t\t<div class=\"elementor-widget-wrap elementor-element-populated\">\n\t\t\t\t\t\t<div class=\"elementor-element elementor-element-ea62644 ib-align-center wgl-hover_shift-yes elementor-widget-image-box wgl-image-box elementor-position-top elementor-widget elementor-widget-wgl-info-box\" data-id=\"ea62644\" data-element_type=\"widget\" data-widget_type=\"wgl-info-box.default\">\n\t\t\t\t<div class=\"elementor-widget-container\">\n\t\t\t<div class=\"wgl-infobox\"><svg class=\"wgl-dashes inner-dashed-border animated-dashes\"><rect x=\"1px\" y=\"1px\" rx=\"30px\" ry=\"30px\" width=\"0\" height=\"0\"><\/rect><\/svg><div class=\"wgl-infobox_wrapper elementor-image-box-wrapper\"><div class=\"wgl-infobox-icon_wrapper elementor-image-box-img\"><div class=\"wgl-infobox-icon_container\"><div class=\"wgl-image-box_img\"><span ><img decoding=\"async\" width=\"77\" height=\"43\" src=\"https:\/\/egrkids.be\/wp-content\/uploads\/2019\/08\/contacts_icon_03.png\" class=\"attachment-full size-full wp-image-1188\" alt=\"\" \/><\/span><\/div><\/div><\/div><div class=\"wgl-infobox-content_wrapper\"><div class=\"wgl-infobox-title_wrapper\"><\/div><div class=\"wgl-infobox_content\"><p>info@egrkids.be<\/p><\/div><\/div><a class=\"wgl-infobox_item_link\" ><\/a><\/div><\/div>\t\t<\/div>\n\t\t\t\t<\/div>\n\t\t\t\t\t<\/div>\n\t\t<\/div>\n\t\t\t\t\t<\/div>\n\t\t<\/section>\n\t\t\t\t<section class=\"elementor-section elementor-top-section elementor-element elementor-element-5590089 elementor-section-boxed elementor-section-height-default elementor-section-height-default\" data-id=\"5590089\" data-element_type=\"section\">\n\t\t\t\t\t\t<div class=\"elementor-container elementor-column-gap-default\">\n\t\t\t\t\t<div class=\"elementor-column elementor-col-100 elementor-top-column elementor-element elementor-element-e8bb04b\" data-id=\"e8bb04b\" data-element_type=\"column\" data-settings=\"{&quot;background_background&quot;:&quot;classic&quot;}\">\n\t\t\t<div class=\"elementor-widget-wrap elementor-element-populated\">\n\t\t\t\t\t\t<div class=\"elementor-element elementor-element-90199e5 elementor-widget elementor-widget-spacer\" data-id=\"90199e5\" data-element_type=\"widget\" data-widget_type=\"spacer.default\">\n\t\t\t\t<div class=\"elementor-widget-container\">\n\t\t\t\t\t<div class=\"elementor-spacer\">\n\t\t\t<div class=\"elementor-spacer-inner\"><\/div>\n\t\t<\/div>\n\t\t\t\t<\/div>\n\t\t\t\t<\/div>\n\t\t\t\t<div class=\"elementor-element elementor-element-b53a2d9 dbl-1st-block elementor-widget elementor-widget-wgl-double-headings\" data-id=\"b53a2d9\" data-element_type=\"widget\" data-widget_type=\"wgl-double-headings.default\">\n\t\t\t\t<div class=\"elementor-widget-container\">\n\t\t\t<div class=\"wgl-double_heading\"><h3 class=\"dbl-titles_wrapper\"><span class=\"dbl-title__wrap title-1__wrap\"><span class=\"dbl-title__1\">Contactez-nous<\/span><\/span><\/h3>        <\/div>\t\t<\/div>\n\t\t\t\t<\/div>\n\t\t\t\t<div class=\"elementor-element elementor-element-167dfc6 elementor-widget elementor-widget-text-editor\" data-id=\"167dfc6\" data-element_type=\"widget\" data-widget_type=\"text-editor.default\">\n\t\t\t\t<div class=\"elementor-widget-container\">\n\t\t\t\t\t\t\t<p>Offrez \u00e0 vos enfants des moments inoubliables lors de vos \u00e9v\u00e9nements. Contactez-nous d\u00e8s maintenant pour des animations sur mesure qui feront briller\u00a0leurs\u00a0yeux\u00a0!<\/p>\t\t\t\t\t\t<\/div>\n\t\t\t\t<\/div>\n\t\t\t\t<div class=\"elementor-element elementor-element-3e7bbf3 elementor-widget elementor-widget-text-editor\" data-id=\"3e7bbf3\" data-element_type=\"widget\" data-widget_type=\"text-editor.default\">\n\t\t\t\t<div class=\"elementor-widget-container\">\n\t\t\t\t\t\t\t<p>\n<div class=\"wpcf7 no-js\" id=\"wpcf7-f1204-o1\" lang=\"en-US\" dir=\"ltr\">\n<div class=\"screen-reader-response\"><p role=\"status\" aria-live=\"polite\" aria-atomic=\"true\"><\/p> <ul><\/ul><\/div>\n<form action=\"\/nl\/wp-json\/wp\/v2\/pages\/3825#wpcf7-f1204-o1\" method=\"post\" class=\"wpcf7-form init\" aria-label=\"Contact form\" novalidate=\"novalidate\" data-status=\"init\" data-trp-original-action=\"\/nl\/wp-json\/wp\/v2\/pages\/3825#wpcf7-f1204-o1\">\n<div style=\"display: none;\">\n<input type=\"hidden\" name=\"_wpcf7\" value=\"1204\" \/>\n<input type=\"hidden\" name=\"_wpcf7_version\" value=\"5.9.8\" \/>\n<input type=\"hidden\" name=\"_wpcf7_locale\" value=\"en_US\" \/>\n<input type=\"hidden\" name=\"_wpcf7_unit_tag\" value=\"wpcf7-f1204-o1\" \/>\n<input type=\"hidden\" name=\"_wpcf7_container_post\" value=\"0\" \/>\n<input type=\"hidden\" name=\"_wpcf7_posted_data_hash\" value=\"\" \/>\n<\/div>\n<div class='row'>\n<div class='wgl_col-12'>\n<span class=\"wpcf7-form-control-wrap\" data-name=\"text-759\"><input size=\"40\" maxlength=\"400\" class=\"wpcf7-form-control wpcf7-text wpcf7-validates-as-required\" aria-required=\"true\" aria-invalid=\"false\" placeholder=\"Naam\" value=\"\" type=\"text\" name=\"text-759\" \/><\/span>\n<\/div>\n<div class='wgl_col-12'>\n<span class=\"wpcf7-form-control-wrap\" data-name=\"email-613\"><input size=\"40\" maxlength=\"400\" class=\"wpcf7-form-control wpcf7-email wpcf7-validates-as-required wpcf7-text wpcf7-validates-as-email\" aria-required=\"true\" aria-invalid=\"false\" placeholder=\"Email *\" value=\"\" type=\"email\" name=\"email-613\" \/><\/span>\n<\/div>\n<div class='wgl_col-12'>\n<span class=\"wpcf7-form-control-wrap\" data-name=\"textarea-876\"><textarea cols=\"40\" rows=\"10\" maxlength=\"2000\" class=\"wpcf7-form-control wpcf7-textarea wpcf7-validates-as-required\" aria-required=\"true\" aria-invalid=\"false\" placeholder=\"Bericht\" name=\"textarea-876\"><\/textarea><\/span>\n<\/div>\n<\/div>\n<input class=\"wpcf7-form-control wpcf7-submit has-spinner\" type=\"submit\" value=\"Vertsturen\" \/><div class=\"wpcf7-response-output\" aria-hidden=\"true\"><\/div>\n<input type=\"hidden\" name=\"trp-form-language\" value=\"nl\"\/><\/form>\n<\/div>\n<\/p>\t\t\t\t\t\t<\/div>\n\t\t\t\t<\/div>\n\t\t\t\t<div class=\"elementor-element elementor-element-40c716d elementor-widget elementor-widget-spacer\" data-id=\"40c716d\" data-element_type=\"widget\" data-widget_type=\"spacer.default\">\n\t\t\t\t<div class=\"elementor-widget-container\">\n\t\t\t\t\t<div class=\"elementor-spacer\">\n\t\t\t<div class=\"elementor-spacer-inner\"><\/div>\n\t\t<\/div>\n\t\t\t\t<\/div>\n\t\t\t\t<\/div>\n\t\t\t\t\t<\/div>\n\t\t<\/div>\n\t\t\t\t\t<\/div>\n\t\t<\/section>\n\t\t\t\t<\/div>","protected":false},"excerpt":{"rendered":"<p>Transforme-toi en super h\u00e9ros et sauve la ville avec tes amis lors de ta f\u00eate d\u2019anniversaire ! Avec EGR Kids, sp\u00e9cialiste de l&#8217;organisation d&#8217;anniversaires pour enfants \u00e0 Bruxelles et dans toute la Belgique, transforme ta journ\u00e9e en une mission h\u00e9ro\u00efque inoubliable. Pr\u00eat \u00e0 enfiler ta cape et ton masque pour sauver le monde ? Pour [&hellip;]<\/p>","protected":false},"author":1,"featured_media":0,"parent":0,"menu_order":0,"comment_status":"closed","ping_status":"closed","template":"","meta":{"footnotes":""},"class_list":["post-3825","page","type-page","status-publish","hentry"],"_links":{"self":[{"href":"https:\/\/egrkids.be\/nl\/wp-json\/wp\/v2\/pages\/3825"}],"collection":[{"href":"https:\/\/egrkids.be\/nl\/wp-json\/wp\/v2\/pages"}],"about":[{"href":"https:\/\/egrkids.be\/nl\/wp-json\/wp\/v2\/types\/page"}],"author":[{"embeddable":true,"href":"https:\/\/egrkids.be\/nl\/wp-json\/wp\/v2\/users\/1"}],"replies":[{"embeddable":true,"href":"https:\/\/egrkids.be\/nl\/wp-json\/wp\/v2\/comments?post=3825"}],"version-history":[{"count":14,"href":"https:\/\/egrkids.be\/nl\/wp-json\/wp\/v2\/pages\/3825\/revisions"}],"predecessor-version":[{"id":4100,"href":"https:\/\/egrkids.be\/nl\/wp-json\/wp\/v2\/pages\/3825\/revisions\/4100"}],"wp:attachment":[{"href":"https:\/\/egrkids.be\/nl\/wp-json\/wp\/v2\/media?parent=3825"}],"curies":[{"name":"wp","href":"https:\/\/api.w.org\/{rel}","templated":true}]}}