{"id":1411,"date":"2019-08-28T07:32:40","date_gmt":"2019-08-28T07:32:40","guid":{"rendered":"http:\/\/littledino.wgl-demo.net\/?page_id=1411"},"modified":"2024-01-18T12:50:49","modified_gmt":"2024-01-18T11:50:49","slug":"mariage","status":"publish","type":"page","link":"https:\/\/egrkids.be\/nl\/mariage\/","title":{"rendered":"mariage"},"content":{"rendered":"<div data-elementor-type=\"wp-post\" data-elementor-id=\"1411\" class=\"elementor elementor-1411\" data-elementor-post-type=\"page\">\n\t\t\t\t<div class=\"elementor-element elementor-element-a47a370 e-flex e-con-boxed e-con e-parent\" data-id=\"a47a370\" data-element_type=\"container\">\n\t\t\t\t\t<div class=\"e-con-inner\">\n\t\t<div class=\"elementor-element elementor-element-da12e35 e-flex e-con-boxed e-con e-child\" data-id=\"da12e35\" data-element_type=\"container\">\n\t\t\t\t\t<div class=\"e-con-inner\">\n\t\t\t\t<div class=\"elementor-element elementor-element-0e3fb1f elementor-widget__width-initial dbl-1st-block elementor-widget elementor-widget-wgl-double-headings\" data-id=\"0e3fb1f\" data-element_type=\"widget\" data-widget_type=\"wgl-double-headings.default\">\n\t\t\t\t<div class=\"elementor-widget-container\">\n\t\t\t<div class=\"wgl-double_heading\"><h3 class=\"dbl-titles_wrapper\"><span class=\"dbl-title__wrap title-1__wrap\"><span class=\"dbl-title__1\">Bruiloft<\/span><\/span><\/h3>        <\/div>\t\t<\/div>\n\t\t\t\t<\/div>\n\t\t\t\t\t<\/div>\n\t\t\t\t<\/div>\n\t\t\t\t\t<\/div>\n\t\t\t\t<\/div>\n\t\t\t\t<section class=\"elementor-section elementor-top-section elementor-element elementor-element-fd21828 elementor-section-boxed elementor-section-height-default elementor-section-height-default\" data-id=\"fd21828\" data-element_type=\"section\">\n\t\t\t\t\t\t<div class=\"elementor-container elementor-column-gap-default\">\n\t\t\t\t\t<div class=\"elementor-column elementor-col-100 elementor-top-column elementor-element elementor-element-c8381f9\" data-id=\"c8381f9\" data-element_type=\"column\">\n\t\t\t<div class=\"elementor-widget-wrap elementor-element-populated\">\n\t\t\t\t\t\t<div class=\"elementor-element elementor-element-4dc88e5 elementor-widget elementor-widget-spacer\" data-id=\"4dc88e5\" data-element_type=\"widget\" data-widget_type=\"spacer.default\">\n\t\t\t\t<div class=\"elementor-widget-container\">\n\t\t\t\t\t<div class=\"elementor-spacer\">\n\t\t\t<div class=\"elementor-spacer-inner\"><\/div>\n\t\t<\/div>\n\t\t\t\t<\/div>\n\t\t\t\t<\/div>\n\t\t\t\t\t<\/div>\n\t\t<\/div>\n\t\t\t\t\t<\/div>\n\t\t<\/section>\n\t\t\t\t<section class=\"elementor-section elementor-top-section elementor-element elementor-element-d686e4a elementor-section-boxed elementor-section-height-default elementor-section-height-default\" data-id=\"d686e4a\" data-element_type=\"section\">\n\t\t\t\t\t\t<div class=\"elementor-container elementor-column-gap-extended\">\n\t\t\t\t\t<div class=\"elementor-column elementor-col-50 elementor-top-column elementor-element elementor-element-ba915fd\" data-id=\"ba915fd\" data-element_type=\"column\">\n\t\t\t<div class=\"elementor-widget-wrap elementor-element-populated\">\n\t\t\t\t\t\t<div class=\"elementor-element elementor-element-e560e5c elementor-widget elementor-widget-text-editor\" data-id=\"e560e5c\" data-element_type=\"widget\" data-widget_type=\"text-editor.default\">\n\t\t\t\t<div class=\"elementor-widget-container\">\n\t\t\t\t\t\t\t<p style=\"font-size: 18px; line-height: 32px; margin-bottom: 0px;\">De mooiste dag van je leven komt eraan. Maar hoe houd je je kinderen bezig? En die van je gasten?<\/p><p>Maak je geen zorgen, EGR is er voor je. Uw kinderen zullen een geweldige dag hebben<br \/>met een springkussen, een goochelaar, een ballonbeeldhouwer, een minisnoepbuffet en nog veel meer entertainment.<br \/>met een springkussen, een goochelaar, een ballonbeeldhouwer, een minisnoepbuffet en nog veel meer entertainment.<br \/>Durant cette magnifique journ\u00e9e vous pourrez profiter pleinement de vos invit\u00e9s. Et eux<br \/>Op deze prachtige dag kun je volop genieten van je gasten. En zij kunnen feestvieren zonder zich zorgen te hoeven maken over de kinderen.<\/p>\t\t\t\t\t\t<\/div>\n\t\t\t\t<\/div>\n\t\t\t\t<div class=\"elementor-element elementor-element-477e0c7 elementor-widget elementor-widget-spacer\" data-id=\"477e0c7\" data-element_type=\"widget\" data-widget_type=\"spacer.default\">\n\t\t\t\t<div class=\"elementor-widget-container\">\n\t\t\t\t\t<div class=\"elementor-spacer\">\n\t\t\t<div class=\"elementor-spacer-inner\"><\/div>\n\t\t<\/div>\n\t\t\t\t<\/div>\n\t\t\t\t<\/div>\n\t\t\t\t<div class=\"elementor-element elementor-element-f0e3452 elementor-widget elementor-widget-text-editor\" data-id=\"f0e3452\" data-element_type=\"widget\" data-widget_type=\"text-editor.default\">\n\t\t\t\t<div class=\"elementor-widget-container\">\n\t\t\t\t\t\t\t<ul class=\"wgl-check tertiary-color\"><li style=\"margin-bottom: 15px;\">Springkasteel<\/li><li style=\"margin-bottom: 15px;\">Goochelaar\u00a0<\/li><li style=\"margin-bottom: 15px;\">Ballon beeldhouwer\u00a0<\/li><li style=\"margin-bottom: 15px;\">Zoet buffet<\/li><\/ul>\t\t\t\t\t\t<\/div>\n\t\t\t\t<\/div>\n\t\t\t\t\t<\/div>\n\t\t<\/div>\n\t\t\t\t<div class=\"elementor-column elementor-col-50 elementor-top-column elementor-element elementor-element-3c7b1dc\" data-id=\"3c7b1dc\" data-element_type=\"column\">\n\t\t\t<div class=\"elementor-widget-wrap elementor-element-populated\">\n\t\t\t\t\t\t<div class=\"elementor-element elementor-element-8c378f7 elementor-widget elementor-widget-wgl-image-layers\" data-id=\"8c378f7\" data-element_type=\"widget\" data-widget_type=\"wgl-image-layers.default\">\n\t\t\t\t<div class=\"elementor-widget-container\">\n\t\t\t<div class=\"wgl-image-layers\"><div class=\"img-layer_image-wrapper slide_left\" style=\"z-index: 3\">\r\n                <div class=\"img-layer_item\" style=\"transform: translate(0%, 0%);\">\r\n                    <div class=\"img-layer_image\" style=\"transition: all 800ms; transition-delay: 600ms;\">\r\n                        <img decoding=\"async\" src=\"http:\/\/egrkids.be\/wp-content\/uploads\/2024\/01\/small-11-scaled.jpg\" alt=\"small-11\" \/>\r\n                    <\/div>\r\n                <\/div>\r\n            <\/div> <div class=\"img-layer_image-wrapper flip_y\" style=\"z-index: 2\">\r\n                <div class=\"img-layer_item\" style=\"transform: translate(0%, 0%);\">\r\n                    <div class=\"img-layer_image\" style=\"transition: all 800ms; transition-delay: 1200ms;\">\r\n                        <img decoding=\"async\" src=\"http:\/\/egrkids.be\/wp-content\/uploads\/2019\/08\/services_section_01_1.png\" alt=\"services_section_01_1\" \/>\r\n                    <\/div>\r\n                <\/div>\r\n            <\/div> <\/div>\t\t<\/div>\n\t\t\t\t<\/div>\n\t\t\t\t\t<\/div>\n\t\t<\/div>\n\t\t\t\t\t<\/div>\n\t\t<\/section>\n\t\t\t\t<section class=\"elementor-section elementor-top-section elementor-element elementor-element-995f847 elementor-section-boxed elementor-section-height-default elementor-section-height-default\" data-id=\"995f847\" data-element_type=\"section\">\n\t\t\t\t\t\t<div class=\"elementor-container elementor-column-gap-default\">\n\t\t\t\t\t<div class=\"elementor-column elementor-col-100 elementor-top-column elementor-element elementor-element-7838ca3\" data-id=\"7838ca3\" data-element_type=\"column\">\n\t\t\t<div class=\"elementor-widget-wrap elementor-element-populated\">\n\t\t\t\t\t\t<div class=\"elementor-element elementor-element-96a7f1c elementor-widget elementor-widget-spacer\" data-id=\"96a7f1c\" data-element_type=\"widget\" data-widget_type=\"spacer.default\">\n\t\t\t\t<div class=\"elementor-widget-container\">\n\t\t\t\t\t<div class=\"elementor-spacer\">\n\t\t\t<div class=\"elementor-spacer-inner\"><\/div>\n\t\t<\/div>\n\t\t\t\t<\/div>\n\t\t\t\t<\/div>\n\t\t\t\t\t<\/div>\n\t\t<\/div>\n\t\t\t\t\t<\/div>\n\t\t<\/section>\n\t\t\t\t<\/div>","protected":false},"excerpt":{"rendered":"<p>Mariage Le plus beau jour de votre vie arrive. Mais comment occuper vos enfants ? Et ceux de vos invit\u00e9s\u00a0? Pas de soucis, EGR est l\u00e0 pour vous. Vos enfants pourront passer une superbe journ\u00e9einoubliable avec un ch\u00e2teau gonflable, un magicien , un sculpteur de ballons, un mini buffetde sucreries et pleines d\u2019autres animations en [&hellip;]<\/p>","protected":false},"author":1,"featured_media":0,"parent":0,"menu_order":0,"comment_status":"closed","ping_status":"closed","template":"","meta":{"footnotes":""},"class_list":["post-1411","page","type-page","status-publish","hentry"],"_links":{"self":[{"href":"https:\/\/egrkids.be\/nl\/wp-json\/wp\/v2\/pages\/1411"}],"collection":[{"href":"https:\/\/egrkids.be\/nl\/wp-json\/wp\/v2\/pages"}],"about":[{"href":"https:\/\/egrkids.be\/nl\/wp-json\/wp\/v2\/types\/page"}],"author":[{"embeddable":true,"href":"https:\/\/egrkids.be\/nl\/wp-json\/wp\/v2\/users\/1"}],"replies":[{"embeddable":true,"href":"https:\/\/egrkids.be\/nl\/wp-json\/wp\/v2\/comments?post=1411"}],"version-history":[{"count":7,"href":"https:\/\/egrkids.be\/nl\/wp-json\/wp\/v2\/pages\/1411\/revisions"}],"predecessor-version":[{"id":3688,"href":"https:\/\/egrkids.be\/nl\/wp-json\/wp\/v2\/pages\/1411\/revisions\/3688"}],"wp:attachment":[{"href":"https:\/\/egrkids.be\/nl\/wp-json\/wp\/v2\/media?parent=1411"}],"curies":[{"name":"wp","href":"https:\/\/api.w.org\/{rel}","templated":true}]}}